{"id":1542,"date":"2020-05-05T14:36:42","date_gmt":"2020-05-05T12:36:42","guid":{"rendered":"http:\/\/chrisgrosch.net\/?page_id=1542"},"modified":"2020-05-05T14:58:31","modified_gmt":"2020-05-05T12:58:31","slug":"impressum","status":"publish","type":"page","link":"https:\/\/www.chrisgrosch.net\/de\/impressum\/","title":{"rendered":"Impressum"},"content":{"rendered":"<h3>Impressum<\/h3>\n<h4><strong>ChrisGrosch<\/strong><\/h4>\n<p>Auf dieser Seite sind Informationen zu ChrisGrosch sowie wichtige rechtliche Hinweise zum Internetangebot http:\/\/chrisgrosch.net\/ f\u00fcr Sie zusammengestellt.<\/p>\n<p>Unsere\u00a0<a href=\"http:\/\/chrisgrosch.net\/de\/datenschutz\" target=\"_blank\" rel=\"noopener noreferrer\">Informationen zum Thema Datenschutz finden Sie hier<\/a>.<\/p>\n<p><strong>ChrisGrosch<\/strong><br \/>\n51, Abbot Road<br \/>\nRobindale<br \/>\nS\u00fcdafrika<br \/>\n2129<\/p>\n<p>Telefon: +27 (0)82 857 7408<br \/>\nE-Mail:\u00a0<a href=\"mailto:chris@grosch.net\" target=\"_blank\" rel=\"noopener noreferrer\">chris@grosch.net<\/a><\/p>\n<h4><strong>Urheberrecht<\/strong><\/h4>\n<p>Copyright 2020, chrisgrosch.net. Alle Rechte vorbehalten. Inhalt und Struktur der ChrisGrosch-Websites unterliegen dem Urheberrecht und anderen Gesetzen zum Schutz geistigen Eigentums. Die Verbreitung oder Ver\u00e4nderung des Inhalts dieser Seiten ist nicht gestattet, des Weiteren darf er weder zu kommerziellen Zwecken kopiert noch Dritten zug\u00e4nglich gemacht werden. Dem Urheberrecht unterliegen auch die Bilder, die ChrisGrosch von Dritten zur Verf\u00fcgung gestellt wurden.<\/p>\n<h4><strong>Gew\u00e4hrleistungs-Ausschluss<\/strong><\/h4>\n<p>Die Informationen, die ChrisGrosch auf ihren Websites zur Verf\u00fcgung stellt, unterliegen einer st\u00e4ndigen Kontrolle und werden laufend aktualisiert. Jedoch ist es m\u00f6glich, dass sich Daten trotz sorgf\u00e4ltigster \u00dcberpr\u00fcfung inzwischen ver\u00e4ndert haben. Aus diesem Grund \u00fcbernimmt ChrisGrosch keine Haftung oder Garantie hinsichtlich der Genauigkeit, Vollst\u00e4ndigkeit und Aktualit\u00e4t der auf diesen Seiten gegebenen Informationen. Dies gilt ebenfalls f\u00fcr alle Websites, auf die in diesem Auftritt per Hyperlink verwiesen wird. ChrisGrosch haftet nicht f\u00fcr den Inhalt derartiger Seiten.<\/p>\n<p>Ferner beh\u00e4lt sich ChrisGrosch das Recht vor, die zur Verf\u00fcgung gestellten Informationen zu \u00e4ndern oder zu erg\u00e4nzen. Seiten, die Aussagen enthalten, welche sich auf die Zukunft beziehen, bauen auf der \u00dcberzeugung des Managements von ChrisGrosch auf und unterliegen Risiken und Unsicherheiten. ChrisGrosch weist jede Absicht oder Verpflichtung von sich, diese in die Zukunft gerichteten Aussagen zu aktualisieren.<\/p>\n<h4><strong>Informationen zur Online-Streitbeilegung<\/strong><\/h4>\n<p>Gem\u00e4\u00df der Richtlinie 2013\/11\/EU richtet die EU-Kommission eine Internetplattform zur Online-Beilegung von Streitigkeiten (\u201eOS-Plattform\u201c) zwischen Unternehmern und Verbrauchern ein. Diese ist unter folgendem Link erreichbar:\u00a0<a href=\"http:\/\/ec.europa.eu\/consumers\/odr\" target=\"_blank\" rel=\"noopener noreferrer\">http:\/\/ec.europa.eu\/consumers\/odr<\/a><\/p>\n<p>&nbsp;<\/p>\n","protected":false},"excerpt":{"rendered":"<p>Impressum ChrisGrosch Auf dieser Seite sind Informationen zu ChrisGrosch sowie wichtige rechtliche Hinweise zum Internetangebot http:\/\/chrisgrosch.net\/ f\u00fcr Sie zusammengestellt. Unsere\u00a0Informationen zum Thema Datenschutz finden Sie hier. ChrisGrosch 51, Abbot Road Robindale S\u00fcdafrika 2129 Telefon: +27 (0)82 857 7408 E-Mail:\u00a0chris@grosch.net Urheberrecht Copyright 2020, chrisgrosch.net. Alle Rechte vorbehalten. Inhalt und Struktur der ChrisGrosch-Websites unterliegen dem Urheberrecht und  [&#8230;]<\/p>\n","protected":false},"author":3,"featured_media":0,"parent":0,"menu_order":0,"comment_status":"closed","ping_status":"closed","template":"","meta":{"_joinchat":[],"footnotes":""},"class_list":["post-1542","page","type-page","status-publish","hentry"],"yoast_head":"<!-- This site is optimized with the Yoast SEO Premium plugin v20.10 (Yoast SEO v27.4) - https:\/\/yoast.com\/product\/yoast-seo-premium-wordpress\/ -->\n<title>Impressum &#8226; Chris Grosch<\/title>\n<meta name=\"robots\" content=\"index, follow, max-snippet:-1, max-image-preview:large, max-video-preview:-1\" \/>\n<link rel=\"canonical\" href=\"https:\/\/www.chrisgrosch.net\/de\/impressum\/\" \/>\n<meta property=\"og:locale\" content=\"de_DE\" \/>\n<meta property=\"og:type\" content=\"article\" \/>\n<meta property=\"og:title\" content=\"Impressum\" \/>\n<meta property=\"og:description\" content=\"Impressum ChrisGrosch Auf dieser Seite sind Informationen zu ChrisGrosch sowie wichtige rechtliche Hinweise zum Internetangebot http:\/\/chrisgrosch.net\/ f\u00fcr Sie zusammengestellt. Unsere\u00a0Informationen zum Thema Datenschutz finden Sie hier. ChrisGrosch 51, Abbot Road Robindale S\u00fcdafrika 2129 Telefon: +27 (0)82 857 7408 E-Mail:\u00a0chris@grosch.net Urheberrecht Copyright 2020, chrisgrosch.net. Alle Rechte vorbehalten. Inhalt und Struktur der ChrisGrosch-Websites unterliegen dem Urheberrecht und [...]\" \/>\n<meta property=\"og:url\" content=\"https:\/\/www.chrisgrosch.net\/de\/impressum\/\" \/>\n<meta property=\"og:site_name\" content=\"Chris Grosch\" \/>\n<meta property=\"article:modified_time\" content=\"2020-05-05T12:58:31+00:00\" \/>\n<meta property=\"og:image\" content=\"https:\/\/www.chrisgrosch.net\/wp-content\/uploads\/2020\/04\/chrisgrosch-DE-FR-logo-200.png\" \/>\n\t<meta property=\"og:image:width\" content=\"200\" \/>\n\t<meta property=\"og:image:height\" content=\"200\" \/>\n\t<meta property=\"og:image:type\" content=\"image\/png\" \/>\n<meta name=\"twitter:card\" content=\"summary_large_image\" \/>\n<meta name=\"twitter:label1\" content=\"Gesch\u00e4tzte Lesezeit\" \/>\n\t<meta name=\"twitter:data1\" content=\"1\u00a0Minute\" \/>\n<script type=\"application\/ld+json\" class=\"yoast-schema-graph\">{\"@context\":\"https:\\\/\\\/schema.org\",\"@graph\":[{\"@type\":\"WebPage\",\"@id\":\"https:\\\/\\\/www.chrisgrosch.net\\\/de\\\/impressum\\\/\",\"url\":\"https:\\\/\\\/www.chrisgrosch.net\\\/de\\\/impressum\\\/\",\"name\":\"Impressum &#8226; Chris Grosch\",\"isPartOf\":{\"@id\":\"https:\\\/\\\/www.chrisgrosch.net\\\/de\\\/#website\"},\"datePublished\":\"2020-05-05T12:36:42+00:00\",\"dateModified\":\"2020-05-05T12:58:31+00:00\",\"breadcrumb\":{\"@id\":\"https:\\\/\\\/www.chrisgrosch.net\\\/de\\\/impressum\\\/#breadcrumb\"},\"inLanguage\":\"de\",\"potentialAction\":[{\"@type\":\"ReadAction\",\"target\":[\"https:\\\/\\\/www.chrisgrosch.net\\\/de\\\/impressum\\\/\"]}]},{\"@type\":\"BreadcrumbList\",\"@id\":\"https:\\\/\\\/www.chrisgrosch.net\\\/de\\\/impressum\\\/#breadcrumb\",\"itemListElement\":[{\"@type\":\"ListItem\",\"position\":1,\"name\":\"Home\",\"item\":\"https:\\\/\\\/www.chrisgrosch.net\\\/de\\\/home\\\/\"},{\"@type\":\"ListItem\",\"position\":2,\"name\":\"Impressum\"}]},{\"@type\":\"WebSite\",\"@id\":\"https:\\\/\\\/www.chrisgrosch.net\\\/de\\\/#website\",\"url\":\"https:\\\/\\\/www.chrisgrosch.net\\\/de\\\/\",\"name\":\"Chris Grosch\",\"description\":\"Interpreter \u2022 Translator \u2022 Project Manager\",\"publisher\":{\"@id\":\"https:\\\/\\\/www.chrisgrosch.net\\\/de\\\/#\\\/schema\\\/person\\\/17d3415573e6626e2f2c141e8b455564\"},\"potentialAction\":[{\"@type\":\"SearchAction\",\"target\":{\"@type\":\"EntryPoint\",\"urlTemplate\":\"https:\\\/\\\/www.chrisgrosch.net\\\/de\\\/?s={search_term_string}\"},\"query-input\":{\"@type\":\"PropertyValueSpecification\",\"valueRequired\":true,\"valueName\":\"search_term_string\"}}],\"inLanguage\":\"de\"},{\"@type\":[\"Person\",\"Organization\"],\"@id\":\"https:\\\/\\\/www.chrisgrosch.net\\\/de\\\/#\\\/schema\\\/person\\\/17d3415573e6626e2f2c141e8b455564\",\"name\":\"Chris Grosch\",\"image\":{\"@type\":\"ImageObject\",\"inLanguage\":\"de\",\"@id\":\"https:\\\/\\\/www.chrisgrosch.net\\\/wp-content\\\/uploads\\\/2020\\\/04\\\/propic.jpg\",\"url\":\"https:\\\/\\\/www.chrisgrosch.net\\\/wp-content\\\/uploads\\\/2020\\\/04\\\/propic.jpg\",\"contentUrl\":\"https:\\\/\\\/www.chrisgrosch.net\\\/wp-content\\\/uploads\\\/2020\\\/04\\\/propic.jpg\",\"width\":426,\"height\":523,\"caption\":\"Chris Grosch\"},\"logo\":{\"@id\":\"https:\\\/\\\/www.chrisgrosch.net\\\/wp-content\\\/uploads\\\/2020\\\/04\\\/propic.jpg\"}}]}<\/script>\n<!-- \/ Yoast SEO Premium plugin. -->","yoast_head_json":{"title":"Impressum &#8226; Chris Grosch","robots":{"index":"index","follow":"follow","max-snippet":"max-snippet:-1","max-image-preview":"max-image-preview:large","max-video-preview":"max-video-preview:-1"},"canonical":"https:\/\/www.chrisgrosch.net\/de\/impressum\/","og_locale":"de_DE","og_type":"article","og_title":"Impressum","og_description":"Impressum ChrisGrosch Auf dieser Seite sind Informationen zu ChrisGrosch sowie wichtige rechtliche Hinweise zum Internetangebot http:\/\/chrisgrosch.net\/ f\u00fcr Sie zusammengestellt. Unsere\u00a0Informationen zum Thema Datenschutz finden Sie hier. ChrisGrosch 51, Abbot Road Robindale S\u00fcdafrika 2129 Telefon: +27 (0)82 857 7408 E-Mail:\u00a0chris@grosch.net Urheberrecht Copyright 2020, chrisgrosch.net. Alle Rechte vorbehalten. Inhalt und Struktur der ChrisGrosch-Websites unterliegen dem Urheberrecht und [...]","og_url":"https:\/\/www.chrisgrosch.net\/de\/impressum\/","og_site_name":"Chris Grosch","article_modified_time":"2020-05-05T12:58:31+00:00","og_image":[{"width":200,"height":200,"url":"https:\/\/www.chrisgrosch.net\/wp-content\/uploads\/2020\/04\/chrisgrosch-DE-FR-logo-200.png","type":"image\/png"}],"twitter_card":"summary_large_image","twitter_misc":{"Gesch\u00e4tzte Lesezeit":"1\u00a0Minute"},"schema":{"@context":"https:\/\/schema.org","@graph":[{"@type":"WebPage","@id":"https:\/\/www.chrisgrosch.net\/de\/impressum\/","url":"https:\/\/www.chrisgrosch.net\/de\/impressum\/","name":"Impressum &#8226; Chris Grosch","isPartOf":{"@id":"https:\/\/www.chrisgrosch.net\/de\/#website"},"datePublished":"2020-05-05T12:36:42+00:00","dateModified":"2020-05-05T12:58:31+00:00","breadcrumb":{"@id":"https:\/\/www.chrisgrosch.net\/de\/impressum\/#breadcrumb"},"inLanguage":"de","potentialAction":[{"@type":"ReadAction","target":["https:\/\/www.chrisgrosch.net\/de\/impressum\/"]}]},{"@type":"BreadcrumbList","@id":"https:\/\/www.chrisgrosch.net\/de\/impressum\/#breadcrumb","itemListElement":[{"@type":"ListItem","position":1,"name":"Home","item":"https:\/\/www.chrisgrosch.net\/de\/home\/"},{"@type":"ListItem","position":2,"name":"Impressum"}]},{"@type":"WebSite","@id":"https:\/\/www.chrisgrosch.net\/de\/#website","url":"https:\/\/www.chrisgrosch.net\/de\/","name":"Chris Grosch","description":"Interpreter \u2022 Translator \u2022 Project Manager","publisher":{"@id":"https:\/\/www.chrisgrosch.net\/de\/#\/schema\/person\/17d3415573e6626e2f2c141e8b455564"},"potentialAction":[{"@type":"SearchAction","target":{"@type":"EntryPoint","urlTemplate":"https:\/\/www.chrisgrosch.net\/de\/?s={search_term_string}"},"query-input":{"@type":"PropertyValueSpecification","valueRequired":true,"valueName":"search_term_string"}}],"inLanguage":"de"},{"@type":["Person","Organization"],"@id":"https:\/\/www.chrisgrosch.net\/de\/#\/schema\/person\/17d3415573e6626e2f2c141e8b455564","name":"Chris Grosch","image":{"@type":"ImageObject","inLanguage":"de","@id":"https:\/\/www.chrisgrosch.net\/wp-content\/uploads\/2020\/04\/propic.jpg","url":"https:\/\/www.chrisgrosch.net\/wp-content\/uploads\/2020\/04\/propic.jpg","contentUrl":"https:\/\/www.chrisgrosch.net\/wp-content\/uploads\/2020\/04\/propic.jpg","width":426,"height":523,"caption":"Chris Grosch"},"logo":{"@id":"https:\/\/www.chrisgrosch.net\/wp-content\/uploads\/2020\/04\/propic.jpg"}}]}},"_links":{"self":[{"href":"https:\/\/www.chrisgrosch.net\/de\/wp-json\/wp\/v2\/pages\/1542","targetHints":{"allow":["GET"]}}],"collection":[{"href":"https:\/\/www.chrisgrosch.net\/de\/wp-json\/wp\/v2\/pages"}],"about":[{"href":"https:\/\/www.chrisgrosch.net\/de\/wp-json\/wp\/v2\/types\/page"}],"author":[{"embeddable":true,"href":"https:\/\/www.chrisgrosch.net\/de\/wp-json\/wp\/v2\/users\/3"}],"replies":[{"embeddable":true,"href":"https:\/\/www.chrisgrosch.net\/de\/wp-json\/wp\/v2\/comments?post=1542"}],"version-history":[{"count":0,"href":"https:\/\/www.chrisgrosch.net\/de\/wp-json\/wp\/v2\/pages\/1542\/revisions"}],"wp:attachment":[{"href":"https:\/\/www.chrisgrosch.net\/de\/wp-json\/wp\/v2\/media?parent=1542"}],"curies":[{"name":"wp","href":"https:\/\/api.w.org\/{rel}","templated":true}]}}