{"id":1531,"date":"2020-05-05T14:23:17","date_gmt":"2020-05-05T12:23:17","guid":{"rendered":"http:\/\/chrisgrosch.net\/?page_id=1531"},"modified":"2020-05-05T14:59:38","modified_gmt":"2020-05-05T12:59:38","slug":"protection","status":"publish","type":"page","link":"https:\/\/www.chrisgrosch.net\/fr\/protection\/","title":{"rendered":"Politique de protection de la vie priv\u00e9e"},"content":{"rendered":"<h3>Politique de protection de la vie priv\u00e9e<\/h3>\n<p>Nous vous remercions de votre visite sur ce site et de l&rsquo;int\u00e9r\u00eat que vous portez aux services propos\u00e9s. La protection de vos donn\u00e9es personnelles et de votre vie priv\u00e9e nous tient particuli\u00e8rement \u00e0 c\u0153ur.<\/p>\n<p>\u00c0 notre avis, les r\u00e8gles de protection des donn\u00e9es applicables \u00e0 notre si\u00e8ge en Afrique du Sud sont inad\u00e9quates. Nous traitons donc les donn\u00e9es personnelles collect\u00e9es lors des visites de notre site web conform\u00e9ment aux dispositions du r\u00e8glement de base de l&rsquo;UE sur la protection des donn\u00e9es (\u00ab\u00a0RGPD\u00a0\u00bb). Les informations suivantes donnent un aper\u00e7u simple de ce qui arrive \u00e0 vos donn\u00e9es personnelles lorsque vous visitez notre site web.<\/p>\n<p>Les donn\u00e9es personnelles sont toutes les donn\u00e9es avec lesquelles vous pouvez \u00eatre personnellement identifi\u00e9. Pour des informations d\u00e9taill\u00e9es sur le sujet de la protection des donn\u00e9es, veuillez vous r\u00e9f\u00e9rer \u00e0 notre d\u00e9claration sur la protection des donn\u00e9es qui figure sous ce texte.<br \/>\nCette politique de confidentialit\u00e9 ne s&rsquo;applique pas aux sites web d&rsquo;autres fournisseurs vers lesquels nous fournissons un lien.<\/p>\n<h3>Notes g\u00e9n\u00e9rales et informations obligatoires<\/h3>\n<h4>Protection des donn\u00e9es<\/h4>\n<p>ChrisGrosch, en tant que responsable de ces pages, prend tr\u00e8s au s\u00e9rieux la protection de vos donn\u00e9es personnelles. Nous traitons vos donn\u00e9es personnelles de mani\u00e8re confidentielle et conform\u00e9ment aux dispositions l\u00e9gales en mati\u00e8re de protection des donn\u00e9es ainsi qu&rsquo;\u00e0 la pr\u00e9sente politique de confidentialit\u00e9.<\/p>\n<p>Lorsque vous utilisez ce site web, diverses donn\u00e9es personnelles sont recueillies. Les donn\u00e9es personnelles sont des donn\u00e9es avec lesquelles vous pouvez \u00eatre personnellement identifi\u00e9. Cette politique de confidentialit\u00e9 explique quelles donn\u00e9es nous recueillons et \u00e0 quelles fins nous les utilisons. Il explique \u00e9galement comment nous le faisons et dans quel but.<\/p>\n<p>Nous tenons \u00e0 souligner que la transmission de donn\u00e9es sur Internet (par exemple, la communication par courrier \u00e9lectronique) peut pr\u00e9senter des lacunes en mati\u00e8re de s\u00e9curit\u00e9. Une protection compl\u00e8te des donn\u00e9es contre l&rsquo;acc\u00e8s par des tiers n&rsquo;est pas possible.<\/p>\n<h4>Note sur l&rsquo;organisme responsable<\/h4>\n<p>ChrisGrosch<br \/>\n51, Abbot Road<br \/>\nRobindale<br \/>\nAfrique du Sud<br \/>\n2129<br \/>\nT\u00e9l\u00e9phone : +27 (0)82 857 7408<br \/>\nCourrier \u00e9lectronique : <a href=\"mailto:chris@grosch.net\">chris@grosch.net<\/a><\/p>\n<p>Le responsable est la personne physique ou morale qui, seule ou conjointement avec d&rsquo;autres, d\u00e9cide des finalit\u00e9s et des moyens du traitement des donn\u00e9es \u00e0 caract\u00e8re personnel (par exemple, noms, adresses \u00e9lectroniques, etc.).<\/p>\n<h4>Comment collectons-nous vos donn\u00e9es ?<\/h4>\n<p>Nous traitons les donn\u00e9es personnelles recueillies lors des visites de notre site web conform\u00e9ment aux dispositions de la DSGVO.<br \/>\nD&rsquo;une part, vos donn\u00e9es sont collect\u00e9es lorsque vous nous les fournissez. Il peut s&rsquo;agir de donn\u00e9es que vous entrez dans un formulaire, par exemple.<\/p>\n<p>D&rsquo;autres donn\u00e9es sont automatiquement collect\u00e9es par nos syst\u00e8mes informatiques lorsque vous visitez le site web. Il s&rsquo;agit principalement de donn\u00e9es techniques (par exemple, navigateur internet, syst\u00e8me d&rsquo;exploitation ou heure d&rsquo;appel de la page). Ces donn\u00e9es sont collect\u00e9es automatiquement d\u00e8s que vous entrez sur notre site web.<\/p>\n<h4>Demande par e-mail, t\u00e9l\u00e9phone ou autre<\/h4>\n<p>Si vous nous contactez par courrier \u00e9lectronique, par t\u00e9l\u00e9phone ou par tout autre moyen, votre demande, y compris toutes les donn\u00e9es personnelles (nom, demande), sera stock\u00e9e et trait\u00e9e par nos soins dans le but de traiter votre demande. Nous ne transmettrons pas ces donn\u00e9es sans votre consentement.<\/p>\n<p>Ces donn\u00e9es sont trait\u00e9es sur la base de l&rsquo;article 6, paragraphe 1, point b), de l&rsquo;ODASG, \u00e0 condition que votre demande soit li\u00e9e \u00e0 l&rsquo;ex\u00e9cution d&rsquo;un contrat ou qu&rsquo;elle soit n\u00e9cessaire \u00e0 la mise en \u0153uvre de mesures pr\u00e9contractuelles. Dans tous les autres cas, le traitement est fond\u00e9 sur votre consentement (art. 6, al. 1, lit. a, RGPD) et\/ou sur nos int\u00e9r\u00eats l\u00e9gitimes (art. 6, al. 1, lit. f, RGPD), car nous avons un int\u00e9r\u00eat l\u00e9gitime \u00e0 ce que les demandes qui nous sont adress\u00e9es soient trait\u00e9es efficacement.<\/p>\n<p>Les donn\u00e9es que vous nous avez envoy\u00e9es par le biais de demandes de contact resteront en notre possession jusqu&rsquo;\u00e0 ce que vous nous demandiez de les supprimer, de r\u00e9voquer votre consentement au stockage ou que la finalit\u00e9 pour laquelle les donn\u00e9es ont \u00e9t\u00e9 stock\u00e9es cesse d&rsquo;\u00eatre applicable (par exemple, apr\u00e8s le traitement de votre demande). Les dispositions l\u00e9gales obligatoires &#8211; en particulier les d\u00e9lais de conservation l\u00e9gaux &#8211; restent inchang\u00e9es.<\/p>\n<h3>Collecte de donn\u00e9es sur notre site web<\/h3>\n<h4>Cookies<\/h4>\n<p>Les pages Internet utilisent en partie des \u00ab\u00a0cookies\u00a0\u00bb. Les cookies n&rsquo;endommagent pas votre ordinateur et ne contiennent pas de virus. Les cookies servent \u00e0 rendre notre offre plus conviviale, plus efficace et plus s\u00fbre. Les cookies sont de petits fichiers texte qui sont stock\u00e9s sur votre ordinateur et enregistr\u00e9s par votre navigateur.<\/p>\n<p>La plupart des cookies que nous utilisons sont des \u00ab\u00a0cookies de session\u00a0\u00bb. Ils sont automatiquement supprim\u00e9s \u00e0 la fin de votre visite. Les autres cookies restent stock\u00e9s sur votre appareil terminal jusqu&rsquo;\u00e0 ce que vous les supprimiez. Ces cookies nous permettent de reconna\u00eetre votre navigateur la prochaine fois que vous nous rendez visite.<\/p>\n<p>Vous pouvez configurer votre navigateur pour qu&rsquo;il vous informe de la mise en place de cookies et qu&rsquo;il n&rsquo;autorise les cookies que dans des cas individuels, pour qu&rsquo;il exclue l&rsquo;acceptation de cookies dans certains cas ou en g\u00e9n\u00e9ral, et pour qu&rsquo;il active la suppression automatique des cookies lors de la fermeture du navigateur. Si vous d\u00e9sactivez les cookies, la fonctionnalit\u00e9 de ce site web peut \u00eatre limit\u00e9e.<\/p>\n<p>Les cookies qui sont n\u00e9cessaires pour effectuer le processus de communication \u00e9lectronique ou pour fournir certaines fonctions que vous avez demand\u00e9es (par exemple, la fonction de panier d&rsquo;achat) sont stock\u00e9s sur la base de l&rsquo;article 6, paragraphe 1, point f), de l&rsquo;ordonnance sur les services financiers et la protection des consommateurs. L&rsquo;exploitant du site web a un int\u00e9r\u00eat l\u00e9gitime \u00e0 ce que des cookies soient stock\u00e9s pour que ses services soient techniquement exempts d&rsquo;erreurs et optimis\u00e9s. Dans la mesure o\u00f9 d&rsquo;autres cookies (par exemple des cookies permettant d&rsquo;analyser votre comportement de navigation) sont enregistr\u00e9s, ils sont trait\u00e9s s\u00e9par\u00e9ment dans la pr\u00e9sente d\u00e9claration de protection des donn\u00e9es.<\/p>\n<h4>Fichiers journaux de serveur<\/h4>\n<p>Le fournisseur des pages collecte et stocke automatiquement des informations dans des fichiers journaux de serveur, que votre navigateur nous transmet automatiquement. C&rsquo;est le cas :<\/p>\n<ul>\n<li>Type de navigateur et version du navigateur<\/li>\n<li>Syst\u00e8me d&rsquo;exploitation utilis\u00e9<\/li>\n<li>URL de r\u00e9f\u00e9rence<\/li>\n<li>Nom d&rsquo;h\u00f4te de l&rsquo;ordinateur d&rsquo;acc\u00e8s<\/li>\n<li>Heure de la demande du serveur<\/li>\n<li>Adresse IP<\/li>\n<\/ul>\n<p>Ces donn\u00e9es ne sont pas fusionn\u00e9es avec d&rsquo;autres sources de donn\u00e9es.<br \/>\nLa base du traitement des donn\u00e9es est l&rsquo;art. 6 al. 1 lettre f RGPD, qui permet le traitement des donn\u00e9es pour l&rsquo;ex\u00e9cution d&rsquo;un contrat ou de mesures pr\u00e9contractuelles.<\/p>\n<h4>Liens vers d&rsquo;autres sites<\/h4>\n<p>Nos sites web ou applications mobiles peuvent contenir des liens vers des sites web d&rsquo;autres organisations qui ont leurs propres avis de confidentialit\u00e9. Veuillez lire attentivement les conditions d&rsquo;utilisation et l&rsquo;avis de confidentialit\u00e9 avant de fournir des informations personnelles sur le site web d&rsquo;une autre organisation, car nous n&rsquo;assumons aucune responsabilit\u00e9 pour les sites web d&rsquo;autres organisations.<\/p>\n<h4>Les m\u00e9dias sociaux<\/h4>\n<p>Outre ce site web, ChrisGrosch est pr\u00e9sent dans divers m\u00e9dias sociaux. Vous pouvez y acc\u00e9der par les boutons de lien dans le pied de page. En cliquant sur ces liens, aucune donn\u00e9e personnelle n&rsquo;est transf\u00e9r\u00e9e.<\/p>\n<h4>Utilisation de WhatsApp<\/h4>\n<p>Vous pouvez nous contacter par l&rsquo;interm\u00e9diaire de WhatsApp. Pour ce faire, vous pouvez enregistrer le num\u00e9ro de t\u00e9l\u00e9phone dans vos contacts et entamer une conversation. Conform\u00e9ment aux directives\/ conditions d&rsquo;utilisation de WhatsApp, nous aurons alors votre num\u00e9ro de t\u00e9l\u00e9phone et votre photo de profil. Nous n&rsquo;utiliserons votre num\u00e9ro de t\u00e9l\u00e9phone que pour r\u00e9pondre \u00e0 vos messages WhatsApp. La base juridique est ici l&rsquo;article 6, paragraphe 1, point a), du RGPD.<\/p>\n<p>Pour garantir la s\u00e9curit\u00e9 des donn\u00e9es, WhatsApp utilise un cryptage de bout en bout. Pour que ce cryptage soit efficace, nous vous recommandons de toujours utiliser la derni\u00e8re version de WhatsApp sur votre t\u00e9l\u00e9phone portable.<\/p>\n<h4>Google Web Fonts<\/h4>\n<p>Ce site utilise des polices web, fournies par Google, pour l&rsquo;affichage uniforme des polices. Lorsque vous appelez une page, votre navigateur charge les polices web requises dans son cache afin d&rsquo;afficher correctement les textes et les polices.<\/p>\n<p>Pour ce faire, le navigateur que vous utilisez doit se connecter aux serveurs de Google. Cela permet \u00e0 Google de savoir que notre site web a \u00e9t\u00e9 consult\u00e9 via votre adresse IP. L&rsquo;utilisation des Google Web Fonts est dans l&rsquo;int\u00e9r\u00eat d&rsquo;une pr\u00e9sentation uniforme et attrayante de nos offres en ligne. Cela repr\u00e9sente un int\u00e9r\u00eat l\u00e9gitime au sens de l&rsquo;art. 6 al. 1 lit. f RGPD.<\/p>\n<p>Si votre navigateur ne prend pas en charge les polices Web, une police standard de votre ordinateur sera utilis\u00e9e.<br \/>\nDe plus amples informations sur les Google Web Fonts sont disponibles \u00e0 l&rsquo;adresse <a href=\"https:\/\/developers.google.com\/fonts\/faq\" target=\"_blank\" rel=\"noopener noreferrer\">https:\/\/developers.google.com\/fonts\/faq<\/a> et dans la politique de confidentialit\u00e9 de Google : <a href=\"https:\/\/policies.google.com\/privacy?hl=fr\" target=\"_blank\" rel=\"noopener noreferrer\">https:\/\/policies.google.com\/privacy?hl=fr<\/a>.<\/p>\n<h4>Protection de vos donn\u00e9es<\/h4>\n<p>Il est bien s\u00fbr important pour nous de prot\u00e9ger vos donn\u00e9es et les n\u00f4tres contre la perte, la manipulation et l&rsquo;acc\u00e8s non autoris\u00e9 par des tiers. Nous utilisons des mesures de s\u00e9curit\u00e9 techniques et organisationnelles appropri\u00e9es pour prot\u00e9ger vos donn\u00e9es contre toute manipulation accidentelle ou d\u00e9lib\u00e9r\u00e9e, perte partielle ou totale, destruction ou acc\u00e8s non autoris\u00e9 par des tiers. Bien s\u00fbr, nous nous orientons sur le progr\u00e8s technique et nous apportons r\u00e9guli\u00e8rement des am\u00e9liorations. Toutefois, nous ne pouvons pas garantir que notre pr\u00e9sence sur Internet soit disponible en permanence ; des d\u00e9faillances techniques, des interruptions dues \u00e0 des travaux de maintenance ou des pannes ne peuvent \u00eatre exclues.<\/p>\n<h4>Quels sont vos droits concernant vos donn\u00e9es ? (Information, suppression, r\u00e9vocation)<\/h4>\n<ul>\n<li>En tant que personnes concern\u00e9es par le traitement des donn\u00e9es, vous disposez de divers droits en vertu des articles 15 et suivants du RGPD.<\/li>\n<li>Vous pouvez \u00e0 tout moment demander des informations sur les donn\u00e9es personnelles qui sont stock\u00e9es.<\/li>\n<li>Vous pouvez demander une correction ou une suppression.<\/li>\n<li>Vous pouvez exiger une limitation du traitement ou vous opposer au traitement de vos donn\u00e9es en principe. Si le traitement est bas\u00e9 sur votre consentement, vous pouvez \u00e9galement le r\u00e9voquer \u00e0 tout moment sans affecter la lic\u00e9it\u00e9 du traitement effectu\u00e9 jusqu&rsquo;\u00e0 la r\u00e9vocation.<\/li>\n<li>Vous avez le droit \u00e0 la transf\u00e9rabilit\u00e9 des donn\u00e9es.<\/li>\n<\/ul>\n<p>Pour exercer votre droit, vous pouvez nous contacter par courrier \u00e9lectronique \u00e0 l&rsquo;adresse chris@grosch.net. Aux fins d&rsquo;identification, nous vous demandons de fournir les informations suivantes :<\/p>\n<ul>\n<li>Nom<\/li>\n<li>Adresse postale<\/li>\n<li>Adresse \u00e9lectronique<\/li>\n<\/ul>\n<p>Afin de pouvoir traiter votre candidature, ainsi qu&rsquo;\u00e0 des fins d&rsquo;identification, nous vous signalons que nous traiterons vos donn\u00e9es personnelles conform\u00e9ment \u00e0 l&rsquo;art. 6 al. 1 lit. c RGPD.<\/p>\n<p>Vous recevrez une r\u00e9ponse \u00e0 votre demande concernant vos droits en tant que personne concern\u00e9e au plus tard apr\u00e8s le d\u00e9lai l\u00e9gal de 4 semaines.<br \/>\nAvant de traiter vos donn\u00e9es personnelles \u00e0 d&rsquo;autres fins, nous vous en informerons au pr\u00e9alable.<\/p>\n<h4>Mise \u00e0 jour et modifications de la politique de protection de la vie priv\u00e9e<\/h4>\n<p>La pr\u00e9sente note de confidentialit\u00e9 remplace toutes les versions pr\u00e9c\u00e9dentes. Nous pouvons modifier cet avis \u00e0 tout moment, veuillez donc consulter r\u00e9guli\u00e8rement notre site web pour les mises \u00e0 jour. Si les changements sont importants, nous afficherons un avis bien visible sur notre site web. En outre, nous enverrons une notification \u00e9lectronique des modifications apport\u00e9es \u00e0 notre avis de confidentialit\u00e9 si nous le jugeons appropri\u00e9.<\/p>\n<p>Derni\u00e8re mise \u00e0 jour : <strong>mai 2020<\/strong><\/p>\n","protected":false},"excerpt":{"rendered":"<p>Politique de protection de la vie priv\u00e9e Nous vous remercions de votre visite sur ce site et de l&rsquo;int\u00e9r\u00eat que vous portez aux services propos\u00e9s. La protection de vos donn\u00e9es personnelles et de votre vie priv\u00e9e nous tient particuli\u00e8rement \u00e0 c\u0153ur. \u00c0 notre avis, les r\u00e8gles de protection des donn\u00e9es applicables \u00e0 notre si\u00e8ge en  [&#8230;]<\/p>\n","protected":false},"author":3,"featured_media":0,"parent":0,"menu_order":0,"comment_status":"closed","ping_status":"closed","template":"","meta":{"_joinchat":[],"footnotes":""},"class_list":["post-1531","page","type-page","status-publish","hentry"],"yoast_head":"<!-- This site is optimized with the Yoast SEO Premium plugin v20.10 (Yoast SEO v27.4) - https:\/\/yoast.com\/product\/yoast-seo-premium-wordpress\/ -->\n<title>Politique de protection de la vie priv\u00e9e &#8226; Chris Grosch<\/title>\n<meta name=\"robots\" content=\"index, follow, max-snippet:-1, max-image-preview:large, max-video-preview:-1\" \/>\n<link rel=\"canonical\" href=\"https:\/\/www.chrisgrosch.net\/fr\/protection\/\" \/>\n<meta property=\"og:locale\" content=\"fr_FR\" \/>\n<meta property=\"og:type\" content=\"article\" \/>\n<meta property=\"og:title\" content=\"Politique de protection de la vie priv\u00e9e\" \/>\n<meta property=\"og:description\" content=\"Politique de protection de la vie priv\u00e9e Nous vous remercions de votre visite sur ce site et de l&rsquo;int\u00e9r\u00eat que vous portez aux services propos\u00e9s. La protection de vos donn\u00e9es personnelles et de votre vie priv\u00e9e nous tient particuli\u00e8rement \u00e0 c\u0153ur. \u00c0 notre avis, les r\u00e8gles de protection des donn\u00e9es applicables \u00e0 notre si\u00e8ge en [...]\" \/>\n<meta property=\"og:url\" content=\"https:\/\/www.chrisgrosch.net\/fr\/protection\/\" \/>\n<meta property=\"og:site_name\" content=\"Chris Grosch\" \/>\n<meta property=\"article:modified_time\" content=\"2020-05-05T12:59:38+00:00\" \/>\n<meta property=\"og:image\" content=\"https:\/\/www.chrisgrosch.net\/wp-content\/uploads\/2020\/04\/chrisgrosch-DE-FR-logo-200.png\" \/>\n\t<meta property=\"og:image:width\" content=\"200\" \/>\n\t<meta property=\"og:image:height\" content=\"200\" \/>\n\t<meta property=\"og:image:type\" content=\"image\/png\" \/>\n<meta name=\"twitter:card\" content=\"summary_large_image\" \/>\n<meta name=\"twitter:label1\" content=\"Dur\u00e9e de lecture estim\u00e9e\" \/>\n\t<meta name=\"twitter:data1\" content=\"10 minutes\" \/>\n<script type=\"application\/ld+json\" class=\"yoast-schema-graph\">{\"@context\":\"https:\\\/\\\/schema.org\",\"@graph\":[{\"@type\":\"WebPage\",\"@id\":\"https:\\\/\\\/www.chrisgrosch.net\\\/fr\\\/protection\\\/\",\"url\":\"https:\\\/\\\/www.chrisgrosch.net\\\/fr\\\/protection\\\/\",\"name\":\"Politique de protection de la vie priv\u00e9e &#8226; Chris Grosch\",\"isPartOf\":{\"@id\":\"https:\\\/\\\/www.chrisgrosch.net\\\/fr\\\/#website\"},\"datePublished\":\"2020-05-05T12:23:17+00:00\",\"dateModified\":\"2020-05-05T12:59:38+00:00\",\"breadcrumb\":{\"@id\":\"https:\\\/\\\/www.chrisgrosch.net\\\/fr\\\/protection\\\/#breadcrumb\"},\"inLanguage\":\"fr-FR\",\"potentialAction\":[{\"@type\":\"ReadAction\",\"target\":[\"https:\\\/\\\/www.chrisgrosch.net\\\/fr\\\/protection\\\/\"]}]},{\"@type\":\"BreadcrumbList\",\"@id\":\"https:\\\/\\\/www.chrisgrosch.net\\\/fr\\\/protection\\\/#breadcrumb\",\"itemListElement\":[{\"@type\":\"ListItem\",\"position\":1,\"name\":\"Home\",\"item\":\"https:\\\/\\\/www.chrisgrosch.net\\\/fr\\\/accueil\\\/\"},{\"@type\":\"ListItem\",\"position\":2,\"name\":\"Politique de protection de la vie priv\u00e9e\"}]},{\"@type\":\"WebSite\",\"@id\":\"https:\\\/\\\/www.chrisgrosch.net\\\/fr\\\/#website\",\"url\":\"https:\\\/\\\/www.chrisgrosch.net\\\/fr\\\/\",\"name\":\"Chris Grosch\",\"description\":\"Interpreter \u2022 Translator \u2022 Project Manager\",\"publisher\":{\"@id\":\"https:\\\/\\\/www.chrisgrosch.net\\\/fr\\\/#\\\/schema\\\/person\\\/17d3415573e6626e2f2c141e8b455564\"},\"potentialAction\":[{\"@type\":\"SearchAction\",\"target\":{\"@type\":\"EntryPoint\",\"urlTemplate\":\"https:\\\/\\\/www.chrisgrosch.net\\\/fr\\\/?s={search_term_string}\"},\"query-input\":{\"@type\":\"PropertyValueSpecification\",\"valueRequired\":true,\"valueName\":\"search_term_string\"}}],\"inLanguage\":\"fr-FR\"},{\"@type\":[\"Person\",\"Organization\"],\"@id\":\"https:\\\/\\\/www.chrisgrosch.net\\\/fr\\\/#\\\/schema\\\/person\\\/17d3415573e6626e2f2c141e8b455564\",\"name\":\"Chris Grosch\",\"image\":{\"@type\":\"ImageObject\",\"inLanguage\":\"fr-FR\",\"@id\":\"https:\\\/\\\/www.chrisgrosch.net\\\/wp-content\\\/uploads\\\/2020\\\/04\\\/propic.jpg\",\"url\":\"https:\\\/\\\/www.chrisgrosch.net\\\/wp-content\\\/uploads\\\/2020\\\/04\\\/propic.jpg\",\"contentUrl\":\"https:\\\/\\\/www.chrisgrosch.net\\\/wp-content\\\/uploads\\\/2020\\\/04\\\/propic.jpg\",\"width\":426,\"height\":523,\"caption\":\"Chris Grosch\"},\"logo\":{\"@id\":\"https:\\\/\\\/www.chrisgrosch.net\\\/wp-content\\\/uploads\\\/2020\\\/04\\\/propic.jpg\"}}]}<\/script>\n<!-- \/ Yoast SEO Premium plugin. -->","yoast_head_json":{"title":"Politique de protection de la vie priv\u00e9e &#8226; Chris Grosch","robots":{"index":"index","follow":"follow","max-snippet":"max-snippet:-1","max-image-preview":"max-image-preview:large","max-video-preview":"max-video-preview:-1"},"canonical":"https:\/\/www.chrisgrosch.net\/fr\/protection\/","og_locale":"fr_FR","og_type":"article","og_title":"Politique de protection de la vie priv\u00e9e","og_description":"Politique de protection de la vie priv\u00e9e Nous vous remercions de votre visite sur ce site et de l&rsquo;int\u00e9r\u00eat que vous portez aux services propos\u00e9s. La protection de vos donn\u00e9es personnelles et de votre vie priv\u00e9e nous tient particuli\u00e8rement \u00e0 c\u0153ur. \u00c0 notre avis, les r\u00e8gles de protection des donn\u00e9es applicables \u00e0 notre si\u00e8ge en [...]","og_url":"https:\/\/www.chrisgrosch.net\/fr\/protection\/","og_site_name":"Chris Grosch","article_modified_time":"2020-05-05T12:59:38+00:00","og_image":[{"width":200,"height":200,"url":"https:\/\/www.chrisgrosch.net\/wp-content\/uploads\/2020\/04\/chrisgrosch-DE-FR-logo-200.png","type":"image\/png"}],"twitter_card":"summary_large_image","twitter_misc":{"Dur\u00e9e de lecture estim\u00e9e":"10 minutes"},"schema":{"@context":"https:\/\/schema.org","@graph":[{"@type":"WebPage","@id":"https:\/\/www.chrisgrosch.net\/fr\/protection\/","url":"https:\/\/www.chrisgrosch.net\/fr\/protection\/","name":"Politique de protection de la vie priv\u00e9e &#8226; Chris Grosch","isPartOf":{"@id":"https:\/\/www.chrisgrosch.net\/fr\/#website"},"datePublished":"2020-05-05T12:23:17+00:00","dateModified":"2020-05-05T12:59:38+00:00","breadcrumb":{"@id":"https:\/\/www.chrisgrosch.net\/fr\/protection\/#breadcrumb"},"inLanguage":"fr-FR","potentialAction":[{"@type":"ReadAction","target":["https:\/\/www.chrisgrosch.net\/fr\/protection\/"]}]},{"@type":"BreadcrumbList","@id":"https:\/\/www.chrisgrosch.net\/fr\/protection\/#breadcrumb","itemListElement":[{"@type":"ListItem","position":1,"name":"Home","item":"https:\/\/www.chrisgrosch.net\/fr\/accueil\/"},{"@type":"ListItem","position":2,"name":"Politique de protection de la vie priv\u00e9e"}]},{"@type":"WebSite","@id":"https:\/\/www.chrisgrosch.net\/fr\/#website","url":"https:\/\/www.chrisgrosch.net\/fr\/","name":"Chris Grosch","description":"Interpreter \u2022 Translator \u2022 Project Manager","publisher":{"@id":"https:\/\/www.chrisgrosch.net\/fr\/#\/schema\/person\/17d3415573e6626e2f2c141e8b455564"},"potentialAction":[{"@type":"SearchAction","target":{"@type":"EntryPoint","urlTemplate":"https:\/\/www.chrisgrosch.net\/fr\/?s={search_term_string}"},"query-input":{"@type":"PropertyValueSpecification","valueRequired":true,"valueName":"search_term_string"}}],"inLanguage":"fr-FR"},{"@type":["Person","Organization"],"@id":"https:\/\/www.chrisgrosch.net\/fr\/#\/schema\/person\/17d3415573e6626e2f2c141e8b455564","name":"Chris Grosch","image":{"@type":"ImageObject","inLanguage":"fr-FR","@id":"https:\/\/www.chrisgrosch.net\/wp-content\/uploads\/2020\/04\/propic.jpg","url":"https:\/\/www.chrisgrosch.net\/wp-content\/uploads\/2020\/04\/propic.jpg","contentUrl":"https:\/\/www.chrisgrosch.net\/wp-content\/uploads\/2020\/04\/propic.jpg","width":426,"height":523,"caption":"Chris Grosch"},"logo":{"@id":"https:\/\/www.chrisgrosch.net\/wp-content\/uploads\/2020\/04\/propic.jpg"}}]}},"_links":{"self":[{"href":"https:\/\/www.chrisgrosch.net\/fr\/wp-json\/wp\/v2\/pages\/1531","targetHints":{"allow":["GET"]}}],"collection":[{"href":"https:\/\/www.chrisgrosch.net\/fr\/wp-json\/wp\/v2\/pages"}],"about":[{"href":"https:\/\/www.chrisgrosch.net\/fr\/wp-json\/wp\/v2\/types\/page"}],"author":[{"embeddable":true,"href":"https:\/\/www.chrisgrosch.net\/fr\/wp-json\/wp\/v2\/users\/3"}],"replies":[{"embeddable":true,"href":"https:\/\/www.chrisgrosch.net\/fr\/wp-json\/wp\/v2\/comments?post=1531"}],"version-history":[{"count":0,"href":"https:\/\/www.chrisgrosch.net\/fr\/wp-json\/wp\/v2\/pages\/1531\/revisions"}],"wp:attachment":[{"href":"https:\/\/www.chrisgrosch.net\/fr\/wp-json\/wp\/v2\/media?parent=1531"}],"curies":[{"name":"wp","href":"https:\/\/api.w.org\/{rel}","templated":true}]}}