{"id":1547,"date":"2020-05-05T14:56:42","date_gmt":"2020-05-05T12:56:42","guid":{"rendered":"http:\/\/chrisgrosch.net\/?page_id=1547"},"modified":"2020-05-05T14:59:33","modified_gmt":"2020-05-05T12:59:33","slug":"impression","status":"publish","type":"page","link":"https:\/\/www.chrisgrosch.net\/fr\/impression\/","title":{"rendered":"Impression"},"content":{"rendered":"<h3>Impression<\/h3>\n<h4><strong>ChrisGrosch<\/strong><\/h4>\n<p>Sur cette page, des informations sur ChrisGrosch ainsi que des informations juridiques importantes sur l&rsquo;offre Internet http:\/\/chrisgrosch.net\/ sont compil\u00e9es pour vous.<\/p>\n<p>Vous trouverez ici nos <a href=\"http:\/\/chrisgrosch.net\/fr\/protection\" target=\"_blank\" rel=\"noopener noreferrer\">informations sur la protection des donn\u00e9es<\/a>.<\/p>\n<p><strong>ChrisGrosch<\/strong><br \/>\n51, Abbot Road<br \/>\nRobindale<br \/>\nAfrique du Sud<br \/>\n2129<br \/>\nT\u00e9l\u00e9phone : +27 (0)82 857 7408<br \/>\nCourrier \u00e9lectronique : <a href=\"mailto:chris@grosch.net\" target=\"_blank\" rel=\"noopener noreferrer\">chris@grosch.net<\/a><\/p>\n<h4><strong>Copyright<\/strong><\/h4>\n<p>Copyright 2020, chrisgrosch.net. Tous droits r\u00e9serv\u00e9s. Le contenu et la structure des sites web de ChrisGrosch sont soumis au droit d&rsquo;auteur et \u00e0 d&rsquo;autres lois de protection de la propri\u00e9t\u00e9 intellectuelle. La distribution ou la modification du contenu de ces pages n&rsquo;est pas autoris\u00e9e, pas plus que sa copie \u00e0 des fins commerciales ou son accessibilit\u00e9 \u00e0 des tiers. Le droit d&rsquo;auteur s&rsquo;applique \u00e9galement aux images qui ont \u00e9t\u00e9 mises \u00e0 la disposition de ChrisGrosch par des tiers.<\/p>\n<h4><strong>Exclusion de la garantie<\/strong><\/h4>\n<p>Les informations que ChrisGrosch met \u00e0 disposition sur ses sites web sont soumises \u00e0 un contr\u00f4le constant et sont constamment mises \u00e0 jour. Toutefois, il est possible que les donn\u00e9es aient chang\u00e9 entre-temps, malgr\u00e9 les v\u00e9rifications les plus minutieuses. C&rsquo;est pourquoi ChrisGrosch n&rsquo;assume aucune responsabilit\u00e9 ou garantie quant \u00e0 l&rsquo;exactitude, l&rsquo;exhaustivit\u00e9 et l&rsquo;actualit\u00e9 des informations fournies sur ces pages. Cela s&rsquo;applique \u00e9galement \u00e0 tous les sites web auxquels il est fait r\u00e9f\u00e9rence dans cette pr\u00e9sentation par un lien hypertexte. ChrisGrosch n&rsquo;est pas responsable du contenu de ces sites.<\/p>\n<p>En outre, ChrisGrosch se r\u00e9serve le droit de modifier ou de compl\u00e9ter les informations fournies. Les pages qui contiennent des d\u00e9clarations se r\u00e9f\u00e9rant \u00e0 l&rsquo;avenir sont bas\u00e9es sur la conviction de la direction de ChrisGrosch et sont soumises \u00e0 des risques et des incertitudes. ChrisGrosch d\u00e9cline toute intention ou obligation de mettre \u00e0 jour ces d\u00e9clarations tourn\u00e9es vers l&rsquo;avenir.<\/p>\n<h4><strong>Informations sur le r\u00e8glement des litiges en ligne<\/strong><\/h4>\n<p>Conform\u00e9ment \u00e0 la directive 2013\/11\/UE, la Commission europ\u00e9enne met en place une plateforme Internet pour le r\u00e8glement en ligne des litiges (\u00ab\u00a0Plateforme OS\u00a0\u00bb) entre les entreprises et les consommateurs. Cette plate-forme est accessible via le lien suivant : <a href=\"http:\/\/ec.europa.eu\/consumers\/odr\" target=\"_blank\" rel=\"noopener noreferrer\">http:\/\/ec.europa.eu\/consumers\/odr<\/a><\/p>\n<p>&nbsp;<\/p>\n","protected":false},"excerpt":{"rendered":"<p>Impression ChrisGrosch Sur cette page, des informations sur ChrisGrosch ainsi que des informations juridiques importantes sur l&rsquo;offre Internet http:\/\/chrisgrosch.net\/ sont compil\u00e9es pour vous. Vous trouverez ici nos informations sur la protection des donn\u00e9es. ChrisGrosch 51, Abbot Road Robindale Afrique du Sud 2129 T\u00e9l\u00e9phone : +27 (0)82 857 7408 Courrier \u00e9lectronique : chris@grosch.net Copyright Copyright 2020,  [&#8230;]<\/p>\n","protected":false},"author":3,"featured_media":0,"parent":0,"menu_order":0,"comment_status":"closed","ping_status":"closed","template":"","meta":{"_joinchat":[],"footnotes":""},"class_list":["post-1547","page","type-page","status-publish","hentry"],"yoast_head":"<!-- This site is optimized with the Yoast SEO Premium plugin v20.10 (Yoast SEO v27.4) - https:\/\/yoast.com\/product\/yoast-seo-premium-wordpress\/ -->\n<title>Impression &#8226; Chris Grosch<\/title>\n<meta name=\"robots\" content=\"index, follow, max-snippet:-1, max-image-preview:large, max-video-preview:-1\" \/>\n<link rel=\"canonical\" href=\"https:\/\/www.chrisgrosch.net\/fr\/impression\/\" \/>\n<meta property=\"og:locale\" content=\"fr_FR\" \/>\n<meta property=\"og:type\" content=\"article\" \/>\n<meta property=\"og:title\" content=\"Impression\" \/>\n<meta property=\"og:description\" content=\"Impression ChrisGrosch Sur cette page, des informations sur ChrisGrosch ainsi que des informations juridiques importantes sur l&rsquo;offre Internet http:\/\/chrisgrosch.net\/ sont compil\u00e9es pour vous. Vous trouverez ici nos informations sur la protection des donn\u00e9es. ChrisGrosch 51, Abbot Road Robindale Afrique du Sud 2129 T\u00e9l\u00e9phone : +27 (0)82 857 7408 Courrier \u00e9lectronique : chris@grosch.net Copyright Copyright 2020, [...]\" \/>\n<meta property=\"og:url\" content=\"https:\/\/www.chrisgrosch.net\/fr\/impression\/\" \/>\n<meta property=\"og:site_name\" content=\"Chris Grosch\" \/>\n<meta property=\"article:modified_time\" content=\"2020-05-05T12:59:33+00:00\" \/>\n<meta property=\"og:image\" content=\"https:\/\/www.chrisgrosch.net\/wp-content\/uploads\/2020\/04\/chrisgrosch-DE-FR-logo-200.png\" \/>\n\t<meta property=\"og:image:width\" content=\"200\" \/>\n\t<meta property=\"og:image:height\" content=\"200\" \/>\n\t<meta property=\"og:image:type\" content=\"image\/png\" \/>\n<meta name=\"twitter:card\" content=\"summary_large_image\" \/>\n<meta name=\"twitter:label1\" content=\"Dur\u00e9e de lecture estim\u00e9e\" \/>\n\t<meta name=\"twitter:data1\" content=\"2 minutes\" \/>\n<script type=\"application\/ld+json\" class=\"yoast-schema-graph\">{\"@context\":\"https:\\\/\\\/schema.org\",\"@graph\":[{\"@type\":\"WebPage\",\"@id\":\"https:\\\/\\\/www.chrisgrosch.net\\\/fr\\\/impression\\\/\",\"url\":\"https:\\\/\\\/www.chrisgrosch.net\\\/fr\\\/impression\\\/\",\"name\":\"Impression &#8226; Chris Grosch\",\"isPartOf\":{\"@id\":\"https:\\\/\\\/www.chrisgrosch.net\\\/fr\\\/#website\"},\"datePublished\":\"2020-05-05T12:56:42+00:00\",\"dateModified\":\"2020-05-05T12:59:33+00:00\",\"breadcrumb\":{\"@id\":\"https:\\\/\\\/www.chrisgrosch.net\\\/fr\\\/impression\\\/#breadcrumb\"},\"inLanguage\":\"fr-FR\",\"potentialAction\":[{\"@type\":\"ReadAction\",\"target\":[\"https:\\\/\\\/www.chrisgrosch.net\\\/fr\\\/impression\\\/\"]}]},{\"@type\":\"BreadcrumbList\",\"@id\":\"https:\\\/\\\/www.chrisgrosch.net\\\/fr\\\/impression\\\/#breadcrumb\",\"itemListElement\":[{\"@type\":\"ListItem\",\"position\":1,\"name\":\"Home\",\"item\":\"https:\\\/\\\/www.chrisgrosch.net\\\/fr\\\/accueil\\\/\"},{\"@type\":\"ListItem\",\"position\":2,\"name\":\"Impression\"}]},{\"@type\":\"WebSite\",\"@id\":\"https:\\\/\\\/www.chrisgrosch.net\\\/fr\\\/#website\",\"url\":\"https:\\\/\\\/www.chrisgrosch.net\\\/fr\\\/\",\"name\":\"Chris Grosch\",\"description\":\"Interpreter \u2022 Translator \u2022 Project Manager\",\"publisher\":{\"@id\":\"https:\\\/\\\/www.chrisgrosch.net\\\/fr\\\/#\\\/schema\\\/person\\\/17d3415573e6626e2f2c141e8b455564\"},\"potentialAction\":[{\"@type\":\"SearchAction\",\"target\":{\"@type\":\"EntryPoint\",\"urlTemplate\":\"https:\\\/\\\/www.chrisgrosch.net\\\/fr\\\/?s={search_term_string}\"},\"query-input\":{\"@type\":\"PropertyValueSpecification\",\"valueRequired\":true,\"valueName\":\"search_term_string\"}}],\"inLanguage\":\"fr-FR\"},{\"@type\":[\"Person\",\"Organization\"],\"@id\":\"https:\\\/\\\/www.chrisgrosch.net\\\/fr\\\/#\\\/schema\\\/person\\\/17d3415573e6626e2f2c141e8b455564\",\"name\":\"Chris Grosch\",\"image\":{\"@type\":\"ImageObject\",\"inLanguage\":\"fr-FR\",\"@id\":\"https:\\\/\\\/www.chrisgrosch.net\\\/wp-content\\\/uploads\\\/2020\\\/04\\\/propic.jpg\",\"url\":\"https:\\\/\\\/www.chrisgrosch.net\\\/wp-content\\\/uploads\\\/2020\\\/04\\\/propic.jpg\",\"contentUrl\":\"https:\\\/\\\/www.chrisgrosch.net\\\/wp-content\\\/uploads\\\/2020\\\/04\\\/propic.jpg\",\"width\":426,\"height\":523,\"caption\":\"Chris Grosch\"},\"logo\":{\"@id\":\"https:\\\/\\\/www.chrisgrosch.net\\\/wp-content\\\/uploads\\\/2020\\\/04\\\/propic.jpg\"}}]}<\/script>\n<!-- \/ Yoast SEO Premium plugin. -->","yoast_head_json":{"title":"Impression &#8226; Chris Grosch","robots":{"index":"index","follow":"follow","max-snippet":"max-snippet:-1","max-image-preview":"max-image-preview:large","max-video-preview":"max-video-preview:-1"},"canonical":"https:\/\/www.chrisgrosch.net\/fr\/impression\/","og_locale":"fr_FR","og_type":"article","og_title":"Impression","og_description":"Impression ChrisGrosch Sur cette page, des informations sur ChrisGrosch ainsi que des informations juridiques importantes sur l&rsquo;offre Internet http:\/\/chrisgrosch.net\/ sont compil\u00e9es pour vous. Vous trouverez ici nos informations sur la protection des donn\u00e9es. ChrisGrosch 51, Abbot Road Robindale Afrique du Sud 2129 T\u00e9l\u00e9phone : +27 (0)82 857 7408 Courrier \u00e9lectronique : chris@grosch.net Copyright Copyright 2020, [...]","og_url":"https:\/\/www.chrisgrosch.net\/fr\/impression\/","og_site_name":"Chris Grosch","article_modified_time":"2020-05-05T12:59:33+00:00","og_image":[{"width":200,"height":200,"url":"https:\/\/www.chrisgrosch.net\/wp-content\/uploads\/2020\/04\/chrisgrosch-DE-FR-logo-200.png","type":"image\/png"}],"twitter_card":"summary_large_image","twitter_misc":{"Dur\u00e9e de lecture estim\u00e9e":"2 minutes"},"schema":{"@context":"https:\/\/schema.org","@graph":[{"@type":"WebPage","@id":"https:\/\/www.chrisgrosch.net\/fr\/impression\/","url":"https:\/\/www.chrisgrosch.net\/fr\/impression\/","name":"Impression &#8226; Chris Grosch","isPartOf":{"@id":"https:\/\/www.chrisgrosch.net\/fr\/#website"},"datePublished":"2020-05-05T12:56:42+00:00","dateModified":"2020-05-05T12:59:33+00:00","breadcrumb":{"@id":"https:\/\/www.chrisgrosch.net\/fr\/impression\/#breadcrumb"},"inLanguage":"fr-FR","potentialAction":[{"@type":"ReadAction","target":["https:\/\/www.chrisgrosch.net\/fr\/impression\/"]}]},{"@type":"BreadcrumbList","@id":"https:\/\/www.chrisgrosch.net\/fr\/impression\/#breadcrumb","itemListElement":[{"@type":"ListItem","position":1,"name":"Home","item":"https:\/\/www.chrisgrosch.net\/fr\/accueil\/"},{"@type":"ListItem","position":2,"name":"Impression"}]},{"@type":"WebSite","@id":"https:\/\/www.chrisgrosch.net\/fr\/#website","url":"https:\/\/www.chrisgrosch.net\/fr\/","name":"Chris Grosch","description":"Interpreter \u2022 Translator \u2022 Project Manager","publisher":{"@id":"https:\/\/www.chrisgrosch.net\/fr\/#\/schema\/person\/17d3415573e6626e2f2c141e8b455564"},"potentialAction":[{"@type":"SearchAction","target":{"@type":"EntryPoint","urlTemplate":"https:\/\/www.chrisgrosch.net\/fr\/?s={search_term_string}"},"query-input":{"@type":"PropertyValueSpecification","valueRequired":true,"valueName":"search_term_string"}}],"inLanguage":"fr-FR"},{"@type":["Person","Organization"],"@id":"https:\/\/www.chrisgrosch.net\/fr\/#\/schema\/person\/17d3415573e6626e2f2c141e8b455564","name":"Chris Grosch","image":{"@type":"ImageObject","inLanguage":"fr-FR","@id":"https:\/\/www.chrisgrosch.net\/wp-content\/uploads\/2020\/04\/propic.jpg","url":"https:\/\/www.chrisgrosch.net\/wp-content\/uploads\/2020\/04\/propic.jpg","contentUrl":"https:\/\/www.chrisgrosch.net\/wp-content\/uploads\/2020\/04\/propic.jpg","width":426,"height":523,"caption":"Chris Grosch"},"logo":{"@id":"https:\/\/www.chrisgrosch.net\/wp-content\/uploads\/2020\/04\/propic.jpg"}}]}},"_links":{"self":[{"href":"https:\/\/www.chrisgrosch.net\/fr\/wp-json\/wp\/v2\/pages\/1547","targetHints":{"allow":["GET"]}}],"collection":[{"href":"https:\/\/www.chrisgrosch.net\/fr\/wp-json\/wp\/v2\/pages"}],"about":[{"href":"https:\/\/www.chrisgrosch.net\/fr\/wp-json\/wp\/v2\/types\/page"}],"author":[{"embeddable":true,"href":"https:\/\/www.chrisgrosch.net\/fr\/wp-json\/wp\/v2\/users\/3"}],"replies":[{"embeddable":true,"href":"https:\/\/www.chrisgrosch.net\/fr\/wp-json\/wp\/v2\/comments?post=1547"}],"version-history":[{"count":0,"href":"https:\/\/www.chrisgrosch.net\/fr\/wp-json\/wp\/v2\/pages\/1547\/revisions"}],"wp:attachment":[{"href":"https:\/\/www.chrisgrosch.net\/fr\/wp-json\/wp\/v2\/media?parent=1547"}],"curies":[{"name":"wp","href":"https:\/\/api.w.org\/{rel}","templated":true}]}}